{"id":4305,"date":"2026-02-14T14:20:51","date_gmt":"2026-02-14T14:20:51","guid":{"rendered":"https:\/\/livingplace.pt\/?page_id=4305"},"modified":"2026-04-17T10:05:07","modified_gmt":"2026-04-17T10:05:07","slug":"protecao-dos-oceanos","status":"publish","type":"page","link":"https:\/\/livingplace.pt\/en_gb\/protecao-dos-oceanos\/","title":{"rendered":"Ocean Protection"},"content":{"rendered":"<div style=\"position: relative; width: 100%; height: 0; padding-top: 56.2225%; padding-bottom: 0; box-shadow: 0 2px 8px 0 rgba(63,69,81,0.16); margin-top: 1.6em; margin-bottom: 0.9em; overflow: hidden; border-radius: 8px; will-change: transform;\"><br \/>\n  <iframe loading=\"lazy\" style=\"position: absolute; width: 100%; height: 100%; top: 0; left: 0; border: none; padding: 0;margin: 0;\"\n    src=\"https:\/\/www.canva.com\/design\/DAHBTi-feKE\/jh5vrZL_Vq_QPYdNYXj78w\/view?embed\" allowfullscreen=\"allowfullscreen\" allow=\"fullscreen\"><br \/>\n  <\/iframe>\n<\/div>\n<p><a href=\"https:\/\/\/en_gb\/&\/#x2F;&#x2F;www.canva.com&#x2F;design&#x2F;DAHBTi-feKE&#x2F;jh5vrZL_Vq_QPYdNYXj78w&#x2F;view?utm_content=DAHBTi-feKE&amp;utm_campaign=designshare&amp;utm_medium=embeds&amp;utm_source=link\" target=\"_blank\" rel=\"noopener\">Jogo Sobre Prote\u00e7\u00e3o dos Oceanos da Living Place &#8211; Anima\u00e7\u00e3o Tur\u00edstica. Empresa Certificada pela Biosphere Internacional.<\/a><\/p>\n\n\n<p><\/p>\n\n\n\n<h2 class=\"wp-block-heading\">O Cora\u00e7\u00e3o Azul do Planeta: Por que a Prote\u00e7\u00e3o dos Oceanos \u00e9 uma Miss\u00e3o<\/h2>\n\n\n\n<p>Os oceanos cobrem mais de 70% da superf\u00edcie da Terra, mas a sua import\u00e2ncia vai muito al\u00e9m da imensid\u00e3o azul que vemos no horizonte. Os oceanos s\u00e3o, literalmente, o sistema de suporte de vida do nosso planeta. Proteger o mar n\u00e3o \u00e9 apenas um ato de conserva\u00e7\u00e3o da natureza; \u00e9 garantir o futuro da humanidade.<\/p>\n\n\n\n<h2 class=\"wp-block-heading\">Por que os Oceanos s\u00e3o vitais?<\/h2>\n\n\n\n<p>Muitas vezes esquecemos que cada respira\u00e7\u00e3o nossa est\u00e1 ligada ao mar. Os oceanos s\u00e3o respons\u00e1veis pela produ\u00e7\u00e3o de mais de 50% do oxig\u00e9nio do mundo, gra\u00e7as ao fitopl\u00e2ncton. Al\u00e9m disso:<\/p>\n\n\n\n<ul class=\"wp-block-list\">\n<li>Regula\u00e7\u00e3o T\u00e9rmica: Atuam como um gigantesco termostato, absorvendo cerca de 90% do calor gerado pelo aquecimento global.<br><\/li>\n\n\n\n<li>Biodiversidade: Albergam a maior parte da vida na Terra, desde microrganismos invis\u00edveis ao olho humano at\u00e9 \u00e0 majestosa baleia-azul.<br><\/li>\n\n\n\n<li>Recurso Econ\u00f3mico: Milh\u00f5es de pessoas dependem do mar para a sua alimenta\u00e7\u00e3o e subsist\u00eancia.<\/li>\n<\/ul>\n\n\n\n<p><\/p>\n\n\n\n<h2 class=\"wp-block-heading\">O Desafio da Preserva\u00e7\u00e3o: Como podemos agir?<\/h2>\n\n\n\n<p>Atualmente, os oceanos enfrentam amea\u00e7as sem precedentes: a polui\u00e7\u00e3o por pl\u00e1sticos, a sobrepesca e a acidifica\u00e7\u00e3o das \u00e1guas. A boa not\u00edcia \u00e9 que a mudan\u00e7a come\u00e7a com a consci\u00eancia e pequenos gestos que v\u00e3o ao encontro de um estilo de vida mais sustent\u00e1vel:<\/p>\n\n\n\n<ul class=\"wp-block-list\">\n<li>Reduzir o Pl\u00e1stico: Evitar descart\u00e1veis que acabam invariavelmente nos ecossistemas marinhos.<br><\/li>\n\n\n\n<li>Consumo Consciente: Escolher produtos e alimentos de origem sustent\u00e1vel.<br><\/li>\n\n\n\n<li>Educa\u00e7\u00e3o Ambiental: Ensinar as pr\u00f3ximas gera\u00e7\u00f5es a amar e a respeitar o ambiente marinho.<\/li>\n<\/ul>\n\n\n\n<p><\/p>\n\n\n\n<h2 class=\"wp-block-heading\">Aprender a Proteger: O Nosso Jogo Interativo<\/h2>\n\n\n\n<p>Na Living Place, acreditamos que a educa\u00e7\u00e3o \u00e9 a ferramenta mais poderosa para a mudan\u00e7a. Cri\u00e1mos este jogo online interativo sobre a Prote\u00e7\u00e3o dos Oceanos para que crian\u00e7as e adultos possam testar os seus conhecimentos e aprender, de forma l\u00fadica, como as nossas a\u00e7\u00f5es em terra impactam a vida no mar.<\/p>","protected":false},"excerpt":{"rendered":"<p>Jogo Sobre Prote\u00e7\u00e3o dos Oceanos da Living Place &#8211; Anima\u00e7\u00e3o Tur\u00edstica. Empresa Certificada pela Biosphere Internacional. O Cora\u00e7\u00e3o Azul do Planeta: Por que a Prote\u00e7\u00e3o dos Oceanos \u00e9 uma Miss\u00e3o Os oceanos cobrem mais de 70% da superf\u00edcie da Terra, mas a sua import\u00e2ncia vai muito al\u00e9m da imensid\u00e3o azul que vemos no horizonte. Os [&hellip;]<\/p>\n","protected":false},"author":2,"featured_media":0,"parent":0,"menu_order":0,"comment_status":"closed","ping_status":"closed","template":"","meta":{"om_disable_all_campaigns":false,"_monsterinsights_skip_tracking":false,"_monsterinsights_sitenote_active":false,"_monsterinsights_sitenote_note":"","_monsterinsights_sitenote_category":0,"footnotes":""},"class_list":["post-4305","page","type-page","status-publish","hentry"],"aioseo_notices":[],"_links":{"self":[{"href":"https:\/\/livingplace.pt\/en_gb\/wp-json\/wp\/v2\/pages\/4305","targetHints":{"allow":["GET"]}}],"collection":[{"href":"https:\/\/livingplace.pt\/en_gb\/wp-json\/wp\/v2\/pages"}],"about":[{"href":"https:\/\/livingplace.pt\/en_gb\/wp-json\/wp\/v2\/types\/page"}],"author":[{"embeddable":true,"href":"https:\/\/livingplace.pt\/en_gb\/wp-json\/wp\/v2\/users\/2"}],"replies":[{"embeddable":true,"href":"https:\/\/livingplace.pt\/en_gb\/wp-json\/wp\/v2\/comments?post=4305"}],"version-history":[{"count":2,"href":"https:\/\/livingplace.pt\/en_gb\/wp-json\/wp\/v2\/pages\/4305\/revisions"}],"predecessor-version":[{"id":4350,"href":"https:\/\/livingplace.pt\/en_gb\/wp-json\/wp\/v2\/pages\/4305\/revisions\/4350"}],"wp:attachment":[{"href":"https:\/\/livingplace.pt\/en_gb\/wp-json\/wp\/v2\/media?parent=4305"}],"curies":[{"name":"wp","href":"https:\/\/api.w.org\/{rel}","templated":true}]}}